{"id":39,"date":"2026-03-28T17:33:04","date_gmt":"2026-03-28T17:33:04","guid":{"rendered":"http:\/\/glintr.fr\/?page_id=39"},"modified":"2026-04-05T16:09:54","modified_gmt":"2026-04-05T16:09:54","slug":"accueil","status":"publish","type":"page","link":"https:\/\/glintr.fr\/","title":{"rendered":"Accueil"},"content":{"rendered":"\n<div class=\"wp-block-cover alignfull has-custom-content-position is-position-bottom-left has-large-font-size has-aspect-ratio\" style=\"border-top-left-radius:0px;border-top-right-radius:0px;border-bottom-left-radius:0px;border-bottom-right-radius:0px;padding-top:17%;padding-bottom:0rem;min-height:100vh;aspect-ratio:4\/3;min-height:unset;\"><img fetchpriority=\"high\" decoding=\"async\" width=\"1707\" height=\"2560\" class=\"wp-block-cover__image-background wp-image-242 size-full\" alt=\"\" src=\"http:\/\/glintr.fr\/wp-content\/uploads\/2026\/04\/home-page-scaled.jpg\" data-object-fit=\"cover\" srcset=\"https:\/\/glintr.fr\/wp-content\/uploads\/2026\/04\/home-page-scaled.jpg 1707w, https:\/\/glintr.fr\/wp-content\/uploads\/2026\/04\/home-page-200x300.jpg 200w, https:\/\/glintr.fr\/wp-content\/uploads\/2026\/04\/home-page-683x1024.jpg 683w, https:\/\/glintr.fr\/wp-content\/uploads\/2026\/04\/home-page-768x1152.jpg 768w, https:\/\/glintr.fr\/wp-content\/uploads\/2026\/04\/home-page-1024x1536.jpg 1024w, https:\/\/glintr.fr\/wp-content\/uploads\/2026\/04\/home-page-1365x2048.jpg 1365w\" sizes=\"(max-width: 1707px) 100vw, 1707px\" \/><span aria-hidden=\"true\" class=\"wp-block-cover__background has-background-dim-0 has-background-dim\" style=\"background-color:#764637\"><\/span><div class=\"wp-block-cover__inner-container has-global-padding is-layout-constrained wp-container-core-cover-is-layout-4f2f7c35 wp-block-cover-is-layout-constrained\">\n<p style=\"font-size:clamp(18.959px, 1.185rem + ((1vw - 3.2px) * 1.255), 30px);\"><strong><em>Make Services Smarter &amp; Lasting<\/em><\/strong><\/p>\n<\/div><\/div>\n\n\n\n<section class=\"wp-block-group alignfull has-global-padding is-layout-constrained wp-container-core-group-is-layout-c209c421 wp-block-group-is-layout-constrained\" style=\"margin-top:0px;padding-top:2.51rem;padding-right:1rem;padding-bottom:5.5rem;padding-left:1rem;font-size:clamp(0.875rem, 0.875rem + ((1vw - 0.2rem) * 0.464), 1.13rem);font-style:normal;font-weight:400;line-height:1.4\">\n<section class=\"wp-block-group alignfull has-global-padding is-layout-constrained wp-container-core-group-is-layout-2be4c54e wp-block-group-is-layout-constrained\" style=\"margin-top:0px;padding-top:6rem;padding-right:1rem;padding-bottom:4.5rem;padding-left:1rem;font-size:clamp(0.875rem, 0.875rem + ((1vw - 0.2rem) * 0.464), 1.13rem);font-style:normal;font-weight:400;line-height:1.4\">\n<div class=\"wp-block-columns is-layout-flex wp-container-core-columns-is-layout-2e7296b4 wp-block-columns-is-layout-flex\" style=\"margin-bottom:0px\">\n<div class=\"wp-block-column has-global-padding is-layout-constrained wp-container-core-column-is-layout-b4ec969c wp-block-column-is-layout-constrained\" style=\"padding-top:2.01rem\">\n<div class=\"wp-block-group alignfull has-global-padding is-layout-constrained wp-block-group-is-layout-constrained\">\n<div class=\"wp-block-group alignfull has-global-padding is-content-justification-center is-layout-constrained wp-container-core-group-is-layout-d197a34a wp-block-group-is-layout-constrained\" style=\"min-height:100%\">\n<p class=\"has-text-align-left has-medium-font-size\" style=\"line-height:1.1\"><em>\u00ab\u00a0Le client r\u00e9compense moins les bons produits. en revanche il r\u00e9compense plus les bons services bien con\u00e7us, bien op\u00e9r\u00e9s, bien vendus\u00a0\u00bb <\/em><\/p>\n\n\n\n<p class=\"has-text-align-left has-medium-font-size\" style=\"line-height:1.1\"><em><strong>GlintR<\/strong> est un cabinet de conseil ind\u00e9pendant, fond\u00e9 pour aider les entreprises, les professions lib\u00e9rales et les acteurs des produits d\u2019assurance \u00e0 enrichir leurs services, innover dans leurs offres, garder leurs clients et en conqu\u00e9rir des nouveaux, booster la LTV                                                                                                :                                                         <\/em><\/p>\n\n\n\n<p class=\"has-text-align-left has-medium-font-size\" style=\"line-height:1.1\"><strong><em>GlintR<\/em><\/strong> intervient pour:<\/p>\n\n\n\n<p class=\"has-text-align-left has-medium-font-size\" style=\"line-height:1.1\"><em>Innover dans les services et rendre l&rsquo;offre concurrente non pertinente.<\/em><\/p>\n\n\n\n<p class=\"has-text-align-left has-medium-font-size\" style=\"line-height:1.1\"><em>G\u00e9rer vos  projets pour d\u00e9livrer et non pas pour produire du document inutile   <\/em><\/p>\n\n\n\n<p class=\"has-text-align-left has-medium-font-size\" style=\"line-height:1.1\"><em>Former et accompagner \u00e0 l&rsquo;innovation et au management avec des outils op\u00e9rationnels concrets<\/em><\/p>\n\n\n\n<p class=\"has-text-align-left has-medium-font-size\" style=\"line-height:1.1\"><em>Exceller op\u00e9rationnellement dans les services op\u00e9r\u00e9s \u00ab\u00a0Gestion, r\u00e9paration, service &amp; relation clients\u00a0\u00bb<\/em><\/p>\n<\/div>\n<\/div>\n<\/div>\n<\/div>\n<\/section>\n\n\n\n<div class=\"wp-block-group has-global-padding is-layout-constrained wp-container-core-group-is-layout-1c2ac5aa wp-block-group-is-layout-constrained\">\n<section class=\"wp-block-group alignfull has-text-color has-global-padding is-layout-constrained wp-container-core-group-is-layout-b52fc5bb wp-block-group-is-layout-constrained\" style=\"color:#3e3e3e;margin-top:0rem;padding-top:0px;padding-right:1rem;padding-bottom:0px;padding-left:1rem;font-size:clamp(0.875rem, 0.875rem + ((1vw - 0.2rem) * 0.464), 1.13rem);font-style:normal;font-weight:400;line-height:1.5\">\n<div class=\"wp-block-group has-global-padding is-layout-constrained wp-container-core-group-is-layout-de9bb11e wp-block-group-is-layout-constrained\" style=\"padding-top:3.01rem;padding-bottom:3.01rem\">\n<div class=\"wp-block-columns is-layout-flex wp-container-core-columns-is-layout-caee7e2b wp-block-columns-is-layout-flex\">\n<div class=\"wp-block-column has-global-padding is-layout-constrained wp-block-column-is-layout-constrained\" style=\"flex-basis:25%\">\n<figure class=\"wp-block-image aligncenter size-full is-resized\"><img decoding=\"async\" width=\"1701\" height=\"2560\" src=\"http:\/\/glintr.fr\/wp-content\/uploads\/2026\/04\/vintage-scaled.jpg\" alt=\"\" class=\"wp-image-168\" style=\"aspect-ratio:2\/3;object-fit:cover;width:288px\" srcset=\"https:\/\/glintr.fr\/wp-content\/uploads\/2026\/04\/vintage-scaled.jpg 1701w, https:\/\/glintr.fr\/wp-content\/uploads\/2026\/04\/vintage-199x300.jpg 199w, https:\/\/glintr.fr\/wp-content\/uploads\/2026\/04\/vintage-680x1024.jpg 680w, https:\/\/glintr.fr\/wp-content\/uploads\/2026\/04\/vintage-768x1156.jpg 768w, https:\/\/glintr.fr\/wp-content\/uploads\/2026\/04\/vintage-1021x1536.jpg 1021w, https:\/\/glintr.fr\/wp-content\/uploads\/2026\/04\/vintage-1361x2048.jpg 1361w\" sizes=\"(max-width: 1701px) 100vw, 1701px\" \/><\/figure>\n\n\n\n<h6 class=\"wp-block-heading has-text-align-center has-text-color\" style=\"color:#696778;margin-top:1rem;font-size:clamp(1.001rem, 1.001rem + ((1vw - 0.2rem) * 0.962), 1.53rem);font-style:normal;font-weight:400;line-height:1.3;text-transform:uppercase\">INNOVATION de l&rsquo;offre<\/h6>\n<\/div>\n\n\n\n<div class=\"wp-block-column has-global-padding is-layout-constrained wp-block-column-is-layout-constrained\" style=\"flex-basis:25%\">\n<figure class=\"wp-block-image aligncenter size-full\"><img decoding=\"async\" width=\"2048\" height=\"2560\" src=\"http:\/\/glintr.fr\/wp-content\/uploads\/2026\/04\/transform-is-scaled.jpg\" alt=\"\" class=\"wp-image-171\" style=\"aspect-ratio:2\/3;object-fit:cover\" srcset=\"https:\/\/glintr.fr\/wp-content\/uploads\/2026\/04\/transform-is-scaled.jpg 2048w, https:\/\/glintr.fr\/wp-content\/uploads\/2026\/04\/transform-is-240x300.jpg 240w, https:\/\/glintr.fr\/wp-content\/uploads\/2026\/04\/transform-is-819x1024.jpg 819w, https:\/\/glintr.fr\/wp-content\/uploads\/2026\/04\/transform-is-768x960.jpg 768w, https:\/\/glintr.fr\/wp-content\/uploads\/2026\/04\/transform-is-1229x1536.jpg 1229w, https:\/\/glintr.fr\/wp-content\/uploads\/2026\/04\/transform-is-1638x2048.jpg 1638w\" sizes=\"(max-width: 2048px) 100vw, 2048px\" \/><\/figure>\n\n\n\n<h6 class=\"wp-block-heading has-text-align-center has-text-color\" style=\"color:#696778;margin-top:1rem;font-size:clamp(1.001rem, 1.001rem + ((1vw - 0.2rem) * 0.962), 1.53rem);font-style:normal;font-weight:400;line-height:1.3;text-transform:uppercase\">direction de programme<\/h6>\n<\/div>\n\n\n\n<div class=\"wp-block-column has-global-padding is-layout-constrained wp-block-column-is-layout-constrained\" style=\"flex-basis:25%\">\n<figure class=\"wp-block-image aligncenter size-full is-resized\"><img loading=\"lazy\" decoding=\"async\" width=\"2560\" height=\"1707\" src=\"http:\/\/glintr.fr\/wp-content\/uploads\/2026\/04\/formation-1-scaled.jpg\" alt=\"\" class=\"wp-image-173\" style=\"aspect-ratio:2\/3;object-fit:cover;width:288px\" srcset=\"https:\/\/glintr.fr\/wp-content\/uploads\/2026\/04\/formation-1-scaled.jpg 2560w, https:\/\/glintr.fr\/wp-content\/uploads\/2026\/04\/formation-1-300x200.jpg 300w, https:\/\/glintr.fr\/wp-content\/uploads\/2026\/04\/formation-1-1024x683.jpg 1024w, https:\/\/glintr.fr\/wp-content\/uploads\/2026\/04\/formation-1-768x512.jpg 768w, https:\/\/glintr.fr\/wp-content\/uploads\/2026\/04\/formation-1-1536x1024.jpg 1536w, https:\/\/glintr.fr\/wp-content\/uploads\/2026\/04\/formation-1-2048x1365.jpg 2048w\" sizes=\"(max-width: 2560px) 100vw, 2560px\" \/><\/figure>\n\n\n\n<h6 class=\"wp-block-heading has-text-align-center has-text-color\" style=\"color:#696778;margin-top:1rem;font-size:clamp(1.001rem, 1.001rem + ((1vw - 0.2rem) * 0.962), 1.53rem);font-style:normal;font-weight:400;line-height:1.3;text-transform:uppercase\">formation <\/h6>\n<\/div>\n\n\n\n<div class=\"wp-block-column has-global-padding is-layout-constrained wp-block-column-is-layout-constrained\" style=\"flex-basis:25%\">\n<figure class=\"wp-block-image aligncenter size-full is-resized\"><img loading=\"lazy\" decoding=\"async\" width=\"1744\" height=\"2560\" src=\"http:\/\/glintr.fr\/wp-content\/uploads\/2026\/04\/repair-3-scaled.jpg\" alt=\"\" class=\"wp-image-172\" style=\"aspect-ratio:2\/3;object-fit:cover;width:288px\" srcset=\"https:\/\/glintr.fr\/wp-content\/uploads\/2026\/04\/repair-3-scaled.jpg 1744w, https:\/\/glintr.fr\/wp-content\/uploads\/2026\/04\/repair-3-204x300.jpg 204w, https:\/\/glintr.fr\/wp-content\/uploads\/2026\/04\/repair-3-698x1024.jpg 698w, https:\/\/glintr.fr\/wp-content\/uploads\/2026\/04\/repair-3-768x1127.jpg 768w, https:\/\/glintr.fr\/wp-content\/uploads\/2026\/04\/repair-3-1047x1536.jpg 1047w, https:\/\/glintr.fr\/wp-content\/uploads\/2026\/04\/repair-3-1395x2048.jpg 1395w\" sizes=\"(max-width: 1744px) 100vw, 1744px\" \/><\/figure>\n\n\n\n<h6 class=\"wp-block-heading has-text-align-center has-text-color\" style=\"color:#696778;margin-top:1rem;font-size:clamp(1.001rem, 1.001rem + ((1vw - 0.2rem) * 0.962), 1.53rem);font-style:normal;font-weight:400;line-height:1.3;text-transform:uppercase\">Excellence des services<\/h6>\n<\/div>\n<\/div>\n<\/div>\n<\/section>\n<\/div>\n<\/section>\n\n\n\n<section class=\"wp-block-group alignfull has-global-padding is-layout-constrained wp-container-core-group-is-layout-c209c421 wp-block-group-is-layout-constrained\" style=\"margin-top:0px;padding-top:2.51rem;padding-right:1rem;padding-bottom:5.5rem;padding-left:1rem;font-size:clamp(0.875rem, 0.875rem + ((1vw - 0.2rem) * 0.464), 1.13rem);font-style:normal;font-weight:400;line-height:1.4\">\n<div class=\"wp-block-group has-global-padding is-layout-constrained wp-container-core-group-is-layout-1c2ac5aa wp-block-group-is-layout-constrained\">\n<div class=\"wp-block-buttons is-content-justification-center is-layout-flex wp-container-core-buttons-is-layout-a89b3969 wp-block-buttons-is-layout-flex\">\n<div class=\"wp-block-button\"><a class=\"wp-block-button__link has-background has-large-font-size has-custom-font-size wp-element-button\" style=\"background-color:#7d7878\">KLAREEN CORE<\/a><\/div>\n<\/div>\n\n\n\n<div class=\"wp-block-columns is-layout-flex wp-container-core-columns-is-layout-caee7e2b wp-block-columns-is-layout-flex\">\n<div class=\"wp-block-column has-global-padding is-layout-constrained wp-block-column-is-layout-constrained\" style=\"flex-basis:25%\">\n<figure class=\"wp-block-image aligncenter size-full is-resized\"><img loading=\"lazy\" decoding=\"async\" width=\"2560\" height=\"1707\" src=\"http:\/\/glintr.fr\/wp-content\/uploads\/2026\/04\/foot-us-pour-repair-ou-offre-scaled.jpg\" alt=\"\" class=\"wp-image-183\" style=\"width:288px\" srcset=\"https:\/\/glintr.fr\/wp-content\/uploads\/2026\/04\/foot-us-pour-repair-ou-offre-scaled.jpg 2560w, https:\/\/glintr.fr\/wp-content\/uploads\/2026\/04\/foot-us-pour-repair-ou-offre-300x200.jpg 300w, https:\/\/glintr.fr\/wp-content\/uploads\/2026\/04\/foot-us-pour-repair-ou-offre-1024x683.jpg 1024w, https:\/\/glintr.fr\/wp-content\/uploads\/2026\/04\/foot-us-pour-repair-ou-offre-768x512.jpg 768w, https:\/\/glintr.fr\/wp-content\/uploads\/2026\/04\/foot-us-pour-repair-ou-offre-1536x1024.jpg 1536w, https:\/\/glintr.fr\/wp-content\/uploads\/2026\/04\/foot-us-pour-repair-ou-offre-2048x1365.jpg 2048w\" sizes=\"(max-width: 2560px) 100vw, 2560px\" \/><\/figure>\n\n\n\n<h6 class=\"wp-block-heading has-text-align-center has-text-color\" style=\"color:#696778;margin-top:1rem;font-size:clamp(1.001rem, 1.001rem + ((1vw - 0.2rem) * 0.962), 1.53rem);font-style:normal;font-weight:400;line-height:1.3;text-transform:uppercase\">Reparer<\/h6>\n\n\n\n<p>Former les nouvelles squads de la r\u00e9paration des produits \u00e9lectrom\u00e9nagers<\/p>\n<\/div>\n\n\n\n<div class=\"wp-block-column has-global-padding is-layout-constrained wp-block-column-is-layout-constrained\" style=\"flex-basis:25%\">\n<figure class=\"wp-block-image aligncenter size-full\"><img loading=\"lazy\" decoding=\"async\" width=\"2560\" height=\"1707\" src=\"http:\/\/glintr.fr\/wp-content\/uploads\/2026\/04\/repair-et-rachat-scaled.jpg\" alt=\"\" class=\"wp-image-185\" srcset=\"https:\/\/glintr.fr\/wp-content\/uploads\/2026\/04\/repair-et-rachat-scaled.jpg 2560w, https:\/\/glintr.fr\/wp-content\/uploads\/2026\/04\/repair-et-rachat-300x200.jpg 300w, https:\/\/glintr.fr\/wp-content\/uploads\/2026\/04\/repair-et-rachat-1024x683.jpg 1024w, https:\/\/glintr.fr\/wp-content\/uploads\/2026\/04\/repair-et-rachat-768x512.jpg 768w, https:\/\/glintr.fr\/wp-content\/uploads\/2026\/04\/repair-et-rachat-1536x1024.jpg 1536w, https:\/\/glintr.fr\/wp-content\/uploads\/2026\/04\/repair-et-rachat-2048x1365.jpg 2048w\" sizes=\"(max-width: 2560px) 100vw, 2560px\" \/><\/figure>\n\n\n\n<h6 class=\"wp-block-heading has-text-align-center has-text-color\" style=\"color:#696778;margin-top:1rem;font-size:clamp(1.001rem, 1.001rem + ((1vw - 0.2rem) * 0.962), 1.53rem);font-style:normal;font-weight:400;line-height:1.3;text-transform:uppercase\">racheter<\/h6>\n\n\n\n<p>Qui mieux qu&rsquo;un r\u00e9parateur pour identifier les opportunit\u00e9s de rachat <\/p>\n<\/div>\n\n\n\n<div class=\"wp-block-column has-global-padding is-layout-constrained wp-block-column-is-layout-constrained\" style=\"flex-basis:25%\">\n<figure class=\"wp-block-image aligncenter size-full is-resized\"><img loading=\"lazy\" decoding=\"async\" width=\"2560\" height=\"1707\" src=\"http:\/\/glintr.fr\/wp-content\/uploads\/2026\/04\/repair-marrant-scaled.jpg\" alt=\"\" class=\"wp-image-186\" style=\"width:288px\" srcset=\"https:\/\/glintr.fr\/wp-content\/uploads\/2026\/04\/repair-marrant-scaled.jpg 2560w, https:\/\/glintr.fr\/wp-content\/uploads\/2026\/04\/repair-marrant-300x200.jpg 300w, https:\/\/glintr.fr\/wp-content\/uploads\/2026\/04\/repair-marrant-1024x683.jpg 1024w, https:\/\/glintr.fr\/wp-content\/uploads\/2026\/04\/repair-marrant-768x512.jpg 768w, https:\/\/glintr.fr\/wp-content\/uploads\/2026\/04\/repair-marrant-1536x1024.jpg 1536w, https:\/\/glintr.fr\/wp-content\/uploads\/2026\/04\/repair-marrant-2048x1365.jpg 2048w\" sizes=\"(max-width: 2560px) 100vw, 2560px\" \/><\/figure>\n\n\n\n<h6 class=\"wp-block-heading has-text-align-center has-text-color\" style=\"color:#696778;margin-top:1rem;font-size:clamp(1.001rem, 1.001rem + ((1vw - 0.2rem) * 0.962), 1.53rem);font-style:normal;font-weight:400;line-height:1.3;text-transform:uppercase\">reconditionner<\/h6>\n\n\n\n<p>Et si reconditionner n&rsquo;\u00e9tait qu&rsquo;une continuit\u00e9 de la r\u00e9paration<\/p>\n<\/div>\n\n\n\n<div class=\"wp-block-column has-global-padding is-layout-constrained wp-block-column-is-layout-constrained\" style=\"flex-basis:25%\">\n<figure class=\"wp-block-image aligncenter size-full is-resized\"><img loading=\"lazy\" decoding=\"async\" width=\"2560\" height=\"1697\" src=\"http:\/\/glintr.fr\/wp-content\/uploads\/2026\/04\/repair-rachat-scaled.jpg\" alt=\"\" class=\"wp-image-182\" style=\"width:288px\" srcset=\"https:\/\/glintr.fr\/wp-content\/uploads\/2026\/04\/repair-rachat-scaled.jpg 2560w, https:\/\/glintr.fr\/wp-content\/uploads\/2026\/04\/repair-rachat-300x199.jpg 300w, https:\/\/glintr.fr\/wp-content\/uploads\/2026\/04\/repair-rachat-1024x679.jpg 1024w, https:\/\/glintr.fr\/wp-content\/uploads\/2026\/04\/repair-rachat-768x509.jpg 768w, https:\/\/glintr.fr\/wp-content\/uploads\/2026\/04\/repair-rachat-1536x1018.jpg 1536w, https:\/\/glintr.fr\/wp-content\/uploads\/2026\/04\/repair-rachat-2048x1358.jpg 2048w\" sizes=\"(max-width: 2560px) 100vw, 2560px\" \/><\/figure>\n\n\n\n<h6 class=\"wp-block-heading has-text-align-center has-text-color\" style=\"color:#696778;margin-top:1rem;font-size:clamp(1.001rem, 1.001rem + ((1vw - 0.2rem) * 0.962), 1.53rem);font-style:normal;font-weight:400;line-height:1.3;text-transform:uppercase\">performer<\/h6>\n\n\n\n<p>Une chaine de valeur rationnalis\u00e9e \u00ab\u00a0R\u00e9parer, Reconditionner, Racheter\u00a0\u00bb<\/p>\n<\/div>\n<\/div>\n<\/div>\n<\/section>\n\n\n\n<section class=\"wp-block-cover alignfull is-light\" style=\"margin-top:0px;padding-top:1.01rem;padding-bottom:1.01rem;min-height:214px;aspect-ratio:unset;\"><img loading=\"lazy\" decoding=\"async\" width=\"1024\" height=\"680\" class=\"wp-block-cover__image-background wp-image-102 size-large\" alt=\"\" src=\"http:\/\/glintr.fr\/wp-content\/uploads\/2026\/03\/prise-de-parole-1024x680.jpg\" data-object-fit=\"cover\" srcset=\"https:\/\/glintr.fr\/wp-content\/uploads\/2026\/03\/prise-de-parole-1024x680.jpg 1024w, https:\/\/glintr.fr\/wp-content\/uploads\/2026\/03\/prise-de-parole-300x199.jpg 300w, https:\/\/glintr.fr\/wp-content\/uploads\/2026\/03\/prise-de-parole-768x510.jpg 768w, https:\/\/glintr.fr\/wp-content\/uploads\/2026\/03\/prise-de-parole-1536x1021.jpg 1536w, https:\/\/glintr.fr\/wp-content\/uploads\/2026\/03\/prise-de-parole-2048x1361.jpg 2048w\" sizes=\"(max-width: 1024px) 100vw, 1024px\" \/><span aria-hidden=\"true\" class=\"wp-block-cover__background has-background-dim-0 has-background-dim\" style=\"background-color:#edf1f2\"><\/span><div class=\"wp-block-cover__inner-container has-global-padding is-layout-constrained wp-container-core-cover-is-layout-b1bebcb3 wp-block-cover-is-layout-constrained\">\n<div class=\"wp-block-group has-text-color is-layout-flow wp-block-group-is-layout-flow\" style=\"color:#fffffd;margin-top:0px;padding-top:0rem;padding-right:1rem;padding-bottom:0rem;padding-left:1rem;font-size:clamp(0.875rem, 0.875rem + ((1vw - 0.2rem) * 0.464), 1.13rem);font-style:normal;font-weight:400;line-height:1.4\">\n<div class=\"wp-block-group has-global-padding is-layout-constrained wp-container-core-group-is-layout-bdbfdc43 wp-block-group-is-layout-constrained\">\n<h2 class=\"wp-block-heading has-text-align-center has-text-color\" style=\"color:#fffffd;margin-bottom:0rem;font-size:clamp(1.507rem, 1.507rem + ((1vw - 0.2rem) * 1.824), 2.51rem);font-style:normal;font-weight:400;line-height:1.2\">Partnering with this team was the best decision for our growth and success!<\/h2>\n<\/div>\n\n\n\n<div class=\"wp-block-group is-vertical is-content-justification-stretch is-layout-flex wp-container-core-group-is-layout-bfdebe91 wp-block-group-is-layout-flex\" style=\"margin-top:1.81rem;padding-right:0px;padding-left:0px\">\n<div class=\"wp-block-group has-global-padding is-content-justification-center is-layout-constrained wp-container-core-group-is-layout-2f0bcb29 wp-block-group-is-layout-constrained\" style=\"margin-top:0px\">\n<div class=\"wp-block-buttons is-horizontal is-content-justification-right is-layout-flex wp-container-core-buttons-is-layout-099266fd wp-block-buttons-is-layout-flex\" style=\"margin-top:0.51rem\">\n<div class=\"wp-block-button has-custom-width wp-block-button__width-100 is-style-fill\"><a class=\"wp-block-button__link has-text-color has-background has-custom-font-size wp-element-button\" href=\"http:\/\/glintr.fr\/index.php\/contact\/\" style=\"border-style:none;border-width:0px;border-radius:0rem;color:#fffffd;background-color:#cd180b;padding-top:0.71rem;padding-right:0.31rem;padding-bottom:0.71rem;padding-left:0.31rem;font-size:clamp(0.875rem, 0.875rem + ((1vw - 0.2rem) * 0.245), 1.01rem);font-style:normal;font-weight:600;line-height:1.5;text-transform:lowercase\">CONTACT<\/a><\/div>\n<\/div>\n<\/div>\n<\/div>\n<\/div>\n<\/div><\/section>\n","protected":false},"excerpt":{"rendered":"<p>\u00ab\u00a0Le client r\u00e9compense moins les bons produits. en revanche il r\u00e9compense plus les bons services bien con\u00e7us, bien op\u00e9r\u00e9s, bien vendus\u00a0\u00bb GlintR est un cabinet de conseil ind\u00e9pendant, fond\u00e9 pour aider les entreprises, les professions lib\u00e9rales et les acteurs des produits d\u2019assurance \u00e0 enrichir leurs services, innover dans leurs offres, garder leurs clients et en [&hellip;]<\/p>\n","protected":false},"author":1,"featured_media":0,"parent":0,"menu_order":0,"comment_status":"closed","ping_status":"closed","template":"","meta":{"_kadence_starter_templates_imported_post":false,"footnotes":""},"class_list":["post-39","page","type-page","status-publish","hentry"],"_links":{"self":[{"href":"https:\/\/glintr.fr\/index.php\/wp-json\/wp\/v2\/pages\/39","targetHints":{"allow":["GET"]}}],"collection":[{"href":"https:\/\/glintr.fr\/index.php\/wp-json\/wp\/v2\/pages"}],"about":[{"href":"https:\/\/glintr.fr\/index.php\/wp-json\/wp\/v2\/types\/page"}],"author":[{"embeddable":true,"href":"https:\/\/glintr.fr\/index.php\/wp-json\/wp\/v2\/users\/1"}],"replies":[{"embeddable":true,"href":"https:\/\/glintr.fr\/index.php\/wp-json\/wp\/v2\/comments?post=39"}],"version-history":[{"count":107,"href":"https:\/\/glintr.fr\/index.php\/wp-json\/wp\/v2\/pages\/39\/revisions"}],"predecessor-version":[{"id":352,"href":"https:\/\/glintr.fr\/index.php\/wp-json\/wp\/v2\/pages\/39\/revisions\/352"}],"wp:attachment":[{"href":"https:\/\/glintr.fr\/index.php\/wp-json\/wp\/v2\/media?parent=39"}],"curies":[{"name":"wp","href":"https:\/\/api.w.org\/{rel}","templated":true}]}}