{"id":44,"date":"2026-03-28T17:33:56","date_gmt":"2026-03-28T17:33:56","guid":{"rendered":"http:\/\/glintr.fr\/?page_id=44"},"modified":"2026-04-05T16:14:17","modified_gmt":"2026-04-05T16:14:17","slug":"nos-services","status":"publish","type":"page","link":"https:\/\/glintr.fr\/index.php\/nos-services\/","title":{"rendered":"Services"},"content":{"rendered":"\n<div class=\"wp-block-cover alignfull is-light has-medium-font-size\" style=\"margin-top:0;margin-bottom:0;padding-top:0px;padding-bottom:80px;min-height:300px;aspect-ratio:unset;\"><img fetchpriority=\"high\" decoding=\"async\" width=\"1024\" height=\"683\" class=\"wp-block-cover__image-background wp-image-235 size-full\" alt=\"\" src=\"http:\/\/glintr.fr\/wp-content\/uploads\/2026\/04\/accompagn.jpeg\" style=\"object-position:50% 50%\" data-object-fit=\"cover\" data-object-position=\"50% 50%\" srcset=\"https:\/\/glintr.fr\/wp-content\/uploads\/2026\/04\/accompagn.jpeg 1024w, https:\/\/glintr.fr\/wp-content\/uploads\/2026\/04\/accompagn-300x200.jpeg 300w, https:\/\/glintr.fr\/wp-content\/uploads\/2026\/04\/accompagn-768x512.jpeg 768w\" sizes=\"(max-width: 1024px) 100vw, 1024px\" \/><span aria-hidden=\"true\" class=\"wp-block-cover__background has-background-dim-0 has-background-dim\" style=\"background-color:#e9ceb0\"><\/span><div class=\"wp-block-cover__inner-container has-global-padding is-layout-constrained wp-container-core-cover-is-layout-e1db712c wp-block-cover-is-layout-constrained\">\n<p class=\"has-text-align-center has-large-font-size\"><\/p>\n<\/div><\/div>\n\n\n\n<div class=\"wp-block-group alignfull has-global-padding is-layout-constrained wp-container-core-group-is-layout-4383d167 wp-block-group-is-layout-constrained\">\n<section class=\"wp-block-group alignfull has-text-color has-global-padding is-layout-constrained wp-container-core-group-is-layout-b691706e wp-block-group-is-layout-constrained\" style=\"color:#03081e;margin-top:0px;padding-top:4.01rem;padding-right:1rem;padding-bottom:5.5rem;padding-left:1rem;font-size:clamp(0.875rem, 0.875rem + ((1vw - 0.2rem) * 0.464), 1.13rem);font-style:normal;font-weight:400;line-height:1.4\">\n<div class=\"wp-block-columns is-layout-flex wp-container-core-columns-is-layout-db2df21c wp-block-columns-is-layout-flex\" style=\"margin-bottom:0px\">\n<div class=\"wp-block-column is-layout-flow wp-block-column-is-layout-flow\">\n<div class=\"wp-block-group is-vertical is-content-justification-left is-layout-flex wp-container-core-group-is-layout-c5d44cae wp-block-group-is-layout-flex\" style=\"min-height:100%\">\n<div class=\"wp-block-group has-global-padding is-content-justification-center is-layout-constrained wp-container-core-group-is-layout-b15c80d6 wp-block-group-is-layout-constrained\">\n<h3 class=\"wp-block-heading has-text-align-left has-text-color\" style=\"color:#7d0707;margin-top:0.5rem;margin-bottom:1.01rem;font-size:clamp(1.044rem, 1.044rem + ((1vw - 0.2rem) * 1.029), 1.61rem);font-style:normal;font-weight:500;letter-spacing:0px;line-height:1.3;text-transform:capitalize\">conseil et accompagnement<\/h3>\n\n\n\n<p class=\"has-text-align-left has-text-color\" style=\"color:#03081e;margin-top:0rem;font-size:clamp(0.875rem, 0.875rem + ((1vw - 0.2rem) * 0.245), 1.01rem);font-style:normal;font-weight:400;line-height:1.6\">GlintR accompagne, les Retailers, les Banques, les Assureurs, les Courtiers, les Gestionnaires, les R\u00e9parateurs, les Fournisseurs de contenu, les Acteurs de la cyber s\u00e9curit\u00e9 pour les particuliers, les Professions Lib\u00e9rales,  etc&#8230; GlintR vous accompagne dans la conception, et l&rsquo;innovation de vos offres de services. D\u00e9veloppez des revenus r\u00e9currents et la pr\u00e9f\u00e9rence de vos clients. Rendez vos concurrents non pertinents et gagnez vos appels d&rsquo;offres.<\/p>\n<\/div>\n<\/div>\n<\/div>\n\n\n\n<div class=\"wp-block-column has-global-padding is-content-justification-left is-layout-constrained wp-container-core-column-is-layout-12dd3699 wp-block-column-is-layout-constrained\" style=\"flex-basis:50%\">\n<figure class=\"wp-block-image aligncenter size-full is-resized\"><img decoding=\"async\" width=\"1920\" height=\"2560\" src=\"http:\/\/glintr.fr\/wp-content\/uploads\/2026\/04\/conseil-et-expertise-2-scaled.jpg\" alt=\"\" class=\"wp-image-230\" style=\"aspect-ratio:4\/3;object-fit:cover;width:520px\" srcset=\"https:\/\/glintr.fr\/wp-content\/uploads\/2026\/04\/conseil-et-expertise-2-scaled.jpg 1920w, https:\/\/glintr.fr\/wp-content\/uploads\/2026\/04\/conseil-et-expertise-2-225x300.jpg 225w, https:\/\/glintr.fr\/wp-content\/uploads\/2026\/04\/conseil-et-expertise-2-768x1024.jpg 768w, https:\/\/glintr.fr\/wp-content\/uploads\/2026\/04\/conseil-et-expertise-2-1152x1536.jpg 1152w, https:\/\/glintr.fr\/wp-content\/uploads\/2026\/04\/conseil-et-expertise-2-1536x2048.jpg 1536w\" sizes=\"(max-width: 1920px) 100vw, 1920px\" \/><\/figure>\n<\/div>\n<\/div>\n<\/section>\n<\/div>\n\n\n\n<section class=\"wp-block-group alignfull has-text-color has-global-padding is-layout-constrained wp-container-core-group-is-layout-4252d6ba wp-block-group-is-layout-constrained\" style=\"color:#03081e;margin-top:0px;padding-top:6.51rem;padding-right:1rem;padding-bottom:5.5rem;padding-left:1rem;font-size:clamp(0.875rem, 0.875rem + ((1vw - 0.2rem) * 0.464), 1.13rem);font-style:normal;font-weight:400;line-height:1.4\">\n<div class=\"wp-block-columns is-layout-flex wp-container-core-columns-is-layout-db2df21c wp-block-columns-is-layout-flex\" style=\"margin-bottom:0px\">\n<div class=\"wp-block-column has-global-padding is-content-justification-left is-layout-constrained wp-container-core-column-is-layout-12dd3699 wp-block-column-is-layout-constrained\" style=\"flex-basis:50%\">\n<figure class=\"wp-block-image aligncenter size-full is-resized\"><img decoding=\"async\" width=\"640\" height=\"800\" src=\"http:\/\/glintr.fr\/wp-content\/uploads\/2026\/04\/CDP-cool.jpeg\" alt=\"\" class=\"wp-image-232\" style=\"aspect-ratio:4\/3;object-fit:cover;width:520px\" srcset=\"https:\/\/glintr.fr\/wp-content\/uploads\/2026\/04\/CDP-cool.jpeg 640w, https:\/\/glintr.fr\/wp-content\/uploads\/2026\/04\/CDP-cool-240x300.jpeg 240w\" sizes=\"(max-width: 640px) 100vw, 640px\" \/><\/figure>\n<\/div>\n\n\n\n<div class=\"wp-block-column is-layout-flow wp-block-column-is-layout-flow\">\n<div class=\"wp-block-group is-vertical is-content-justification-left is-layout-flex wp-container-core-group-is-layout-c5d44cae wp-block-group-is-layout-flex\" style=\"min-height:100%\">\n<div class=\"wp-block-group has-global-padding is-content-justification-center is-layout-constrained wp-container-core-group-is-layout-b15c80d6 wp-block-group-is-layout-constrained\">\n<h3 class=\"wp-block-heading has-text-align-left has-text-color has-link-color wp-elements-27174a07301c793666c4c31c05a3cf21\" style=\"color:#c01d1d;margin-top:0.5rem;margin-bottom:1.01rem;font-size:clamp(1.044rem, 1.044rem + ((1vw - 0.2rem) * 1.029), 1.61rem);font-style:normal;font-weight:500;letter-spacing:0px;line-height:1.3;text-transform:capitalize\">Gestion des projets<\/h3>\n\n\n\n<p class=\"has-text-align-left has-text-color\" style=\"color:#03081e;margin-top:0rem;font-size:clamp(0.875rem, 0.875rem + ((1vw - 0.2rem) * 0.245), 1.01rem);font-style:normal;font-weight:400;line-height:1.6\">Un projet avance quand les d\u00e9cisions sont prises, que les priorit\u00e9s sont claires et que quelqu\u2019un tient la barre. C\u2019est notre r\u00f4le. Nous structurons, nous arbitrons. Pas de complexit\u00e9 inutile : des actions concr\u00e8tes, un pilotage serr\u00e9 et des r\u00e9sultats visibles. Nous mettons en place une gouvernance adapt\u00e9e, suivons les jalons de pr\u00e8s et assurons la coordination entre les \u00e9quipes. L\u2019objectif n\u2019est pas de produire des documents, mais de faire avancer le projet, concr\u00e8tement et sans perte de temps.<\/p>\n<\/div>\n<\/div>\n<\/div>\n<\/div>\n<\/section>\n\n\n\n<section class=\"wp-block-group alignfull has-text-color has-global-padding is-layout-constrained wp-container-core-group-is-layout-b691706e wp-block-group-is-layout-constrained\" style=\"color:#03081e;margin-top:0px;padding-top:4.01rem;padding-right:1rem;padding-bottom:5.5rem;padding-left:1rem;font-size:clamp(0.875rem, 0.875rem + ((1vw - 0.2rem) * 0.464), 1.13rem);font-style:normal;font-weight:400;line-height:1.4\">\n<div class=\"wp-block-columns is-layout-flex wp-container-core-columns-is-layout-db2df21c wp-block-columns-is-layout-flex\" style=\"margin-bottom:0px\">\n<div class=\"wp-block-column is-layout-flow wp-block-column-is-layout-flow\">\n<div class=\"wp-block-group is-vertical is-content-justification-left is-layout-flex wp-container-core-group-is-layout-c5d44cae wp-block-group-is-layout-flex\" style=\"min-height:100%\">\n<div class=\"wp-block-group has-global-padding is-content-justification-center is-layout-constrained wp-container-core-group-is-layout-b15c80d6 wp-block-group-is-layout-constrained\">\n<h3 class=\"wp-block-heading has-text-align-left has-text-color\" style=\"color:#7d0707;margin-top:0.5rem;margin-bottom:1.01rem;font-size:clamp(1.044rem, 1.044rem + ((1vw - 0.2rem) * 1.029), 1.61rem);font-style:normal;font-weight:500;letter-spacing:0px;line-height:1.3;text-transform:capitalize\">Formation<\/h3>\n\n\n\n<p class=\"has-text-align-left has-text-color\" style=\"color:#03081e;margin-top:0rem;font-size:clamp(0.875rem, 0.875rem + ((1vw - 0.2rem) * 0.245), 1.01rem);font-style:normal;font-weight:400;line-height:1.6\">GlintR vous forme \u00e0 l&rsquo;innovation et au management avec une m\u00e9thode op\u00e9rationnelle qui produit un r\u00e9sultat rapide.<\/p>\n\n\n\n<p class=\"has-text-align-left has-text-color\" style=\"color:#03081e;margin-top:0rem;font-size:clamp(0.875rem, 0.875rem + ((1vw - 0.2rem) * 0.245), 1.01rem);font-style:normal;font-weight:400;line-height:1.6\">GlintR vous accompagne pour votre projet IA dans une approche structur\u00e9e et op\u00e9rationnelle, \u00ab\u00a0L&rsquo;IA travaille pour vous et non contre vous\u00a0\u00bb de la structuration d&rsquo;un premier projet \u00e0 la mise en \u0153uvre \u00ab\u00a0Quel besoin, Quel gain, Quelle priorit\u00e9, Quel effort d&rsquo;investissement et pour quel objectif\u00a0\u00bb Accompagn\u00e9 par un sp\u00e9cialiste IA pragmatique, direct et avec des r\u00e9f\u00e9rences solides.<\/p>\n<\/div>\n<\/div>\n<\/div>\n\n\n\n<div class=\"wp-block-column has-global-padding is-content-justification-left is-layout-constrained wp-container-core-column-is-layout-12dd3699 wp-block-column-is-layout-constrained\" style=\"flex-basis:50%\">\n<figure class=\"wp-block-image aligncenter size-full is-resized\"><img loading=\"lazy\" decoding=\"async\" width=\"1707\" height=\"2560\" src=\"http:\/\/glintr.fr\/wp-content\/uploads\/2026\/04\/training-2-scaled.jpg\" alt=\"\" class=\"wp-image-251\" style=\"aspect-ratio:4\/3;object-fit:cover;width:520px\" srcset=\"https:\/\/glintr.fr\/wp-content\/uploads\/2026\/04\/training-2-scaled.jpg 1707w, https:\/\/glintr.fr\/wp-content\/uploads\/2026\/04\/training-2-200x300.jpg 200w, https:\/\/glintr.fr\/wp-content\/uploads\/2026\/04\/training-2-683x1024.jpg 683w, https:\/\/glintr.fr\/wp-content\/uploads\/2026\/04\/training-2-768x1152.jpg 768w, https:\/\/glintr.fr\/wp-content\/uploads\/2026\/04\/training-2-1024x1536.jpg 1024w, https:\/\/glintr.fr\/wp-content\/uploads\/2026\/04\/training-2-1365x2048.jpg 1365w\" sizes=\"(max-width: 1707px) 100vw, 1707px\" \/><\/figure>\n<\/div>\n<\/div>\n<\/section>\n\n\n\n<section class=\"wp-block-group alignfull has-text-color has-global-padding is-layout-constrained wp-container-core-group-is-layout-b691706e wp-block-group-is-layout-constrained\" style=\"color:#03081e;margin-top:0px;padding-top:4.01rem;padding-right:1rem;padding-bottom:5.5rem;padding-left:1rem;font-size:clamp(0.875rem, 0.875rem + ((1vw - 0.2rem) * 0.464), 1.13rem);font-style:normal;font-weight:400;line-height:1.4\">\n<div class=\"wp-block-columns is-layout-flex wp-container-core-columns-is-layout-db2df21c wp-block-columns-is-layout-flex\" style=\"margin-bottom:0px\">\n<div class=\"wp-block-column is-layout-flow wp-block-column-is-layout-flow\">\n<div class=\"wp-block-group is-vertical is-content-justification-left is-layout-flex wp-container-core-group-is-layout-c5d44cae wp-block-group-is-layout-flex\" style=\"min-height:100%\">\n<div class=\"wp-block-group has-global-padding is-content-justification-center is-layout-constrained wp-container-core-group-is-layout-b15c80d6 wp-block-group-is-layout-constrained\">\n<h3 class=\"wp-block-heading has-text-align-left has-text-color\" style=\"color:#7d0c07;margin-top:0.5rem;margin-bottom:1.01rem;font-size:clamp(1.044rem, 1.044rem + ((1vw - 0.2rem) * 1.029), 1.61rem);font-style:normal;font-weight:500;letter-spacing:0px;line-height:1.3;text-transform:capitalize\">Excellence op\u00e9rationnelle des services<\/h3>\n\n\n\n<p class=\"has-text-align-left has-text-color\" style=\"color:#03081e;margin-top:0rem;font-size:clamp(0.875rem, 0.875rem + ((1vw - 0.2rem) * 0.245), 1.01rem);font-style:normal;font-weight:400;line-height:1.6\">Faites de la gestion, de la r\u00e9paration, de la relation et du service clients une opportunit\u00e9 de fid\u00e9lisation et de croissance. GlintR vous accompagne pour booster vos interactions et surprendre vos clients. Ne traitez plus des flux, devenez un partenaire de solution, de fid\u00e9lisation et de croissance de LTV<\/p>\n<\/div>\n<\/div>\n<\/div>\n\n\n\n<div class=\"wp-block-column has-global-padding is-content-justification-left is-layout-constrained wp-container-core-column-is-layout-12dd3699 wp-block-column-is-layout-constrained\" style=\"flex-basis:50%\">\n<figure class=\"wp-block-image aligncenter size-full is-resized\"><img loading=\"lazy\" decoding=\"async\" width=\"2560\" height=\"2048\" src=\"http:\/\/glintr.fr\/wp-content\/uploads\/2026\/04\/prenez-de-lavance-scaled.jpg\" alt=\"\" class=\"wp-image-246\" style=\"width:520px\" srcset=\"https:\/\/glintr.fr\/wp-content\/uploads\/2026\/04\/prenez-de-lavance-scaled.jpg 2560w, https:\/\/glintr.fr\/wp-content\/uploads\/2026\/04\/prenez-de-lavance-300x240.jpg 300w, https:\/\/glintr.fr\/wp-content\/uploads\/2026\/04\/prenez-de-lavance-1024x819.jpg 1024w, https:\/\/glintr.fr\/wp-content\/uploads\/2026\/04\/prenez-de-lavance-768x614.jpg 768w, https:\/\/glintr.fr\/wp-content\/uploads\/2026\/04\/prenez-de-lavance-1536x1229.jpg 1536w, https:\/\/glintr.fr\/wp-content\/uploads\/2026\/04\/prenez-de-lavance-2048x1638.jpg 2048w\" sizes=\"(max-width: 2560px) 100vw, 2560px\" \/><\/figure>\n<\/div>\n<\/div>\n<\/section>\n\n\n\n<section class=\"wp-block-cover alignfull\" style=\"margin-top:0px;padding-top:1.01rem;padding-bottom:1.01rem;min-height:430px;aspect-ratio:unset;\"><img loading=\"lazy\" decoding=\"async\" width=\"1024\" height=\"725\" class=\"wp-block-cover__image-background wp-image-216 size-large\" alt=\"\" src=\"http:\/\/glintr.fr\/wp-content\/uploads\/2026\/04\/working-1024x725.jpg\" data-object-fit=\"cover\" srcset=\"https:\/\/glintr.fr\/wp-content\/uploads\/2026\/04\/working-1024x725.jpg 1024w, https:\/\/glintr.fr\/wp-content\/uploads\/2026\/04\/working-300x212.jpg 300w, https:\/\/glintr.fr\/wp-content\/uploads\/2026\/04\/working-768x544.jpg 768w, https:\/\/glintr.fr\/wp-content\/uploads\/2026\/04\/working-1536x1087.jpg 1536w, https:\/\/glintr.fr\/wp-content\/uploads\/2026\/04\/working-2048x1450.jpg 2048w\" sizes=\"(max-width: 1024px) 100vw, 1024px\" \/><span aria-hidden=\"true\" class=\"wp-block-cover__background has-background-dim-0 has-background-dim\" style=\"background-color:#edf1f2\"><\/span><div class=\"wp-block-cover__inner-container has-global-padding is-layout-constrained wp-container-core-cover-is-layout-b1bebcb3 wp-block-cover-is-layout-constrained\">\n<div class=\"wp-block-group has-text-color is-layout-flow wp-block-group-is-layout-flow\" style=\"color:#fffffd;margin-top:0px;padding-top:0rem;padding-right:1rem;padding-bottom:0rem;padding-left:1rem;font-size:clamp(0.875rem, 0.875rem + ((1vw - 0.2rem) * 0.464), 1.13rem);font-style:normal;font-weight:400;line-height:1.4\">\n<div class=\"wp-block-group has-global-padding is-layout-constrained wp-container-core-group-is-layout-bdbfdc43 wp-block-group-is-layout-constrained\">\n<p class=\"has-text-align-center has-text-color\" style=\"color:#fffffd;margin-bottom:0rem;font-size:clamp(1.507rem, 1.507rem + ((1vw - 0.2rem) * 1.824), 2.51rem);font-style:normal;font-weight:400;line-height:1.2\">Vous allez adorer, travailler avec nous<\/p>\n<\/div>\n\n\n\n<div class=\"wp-block-group is-vertical is-content-justification-stretch is-layout-flex wp-container-core-group-is-layout-bfdebe91 wp-block-group-is-layout-flex\" style=\"margin-top:1.81rem;padding-right:0px;padding-left:0px\">\n<div class=\"wp-block-group has-global-padding is-content-justification-center is-layout-constrained wp-container-core-group-is-layout-2f0bcb29 wp-block-group-is-layout-constrained\" style=\"margin-top:0px\">\n<div class=\"wp-block-buttons is-horizontal is-content-justification-right is-layout-flex wp-container-core-buttons-is-layout-099266fd wp-block-buttons-is-layout-flex\" style=\"margin-top:0.51rem\">\n<div class=\"wp-block-button has-custom-width wp-block-button__width-100 is-style-fill\"><a class=\"wp-block-button__link has-text-color has-background has-custom-font-size wp-element-button\" href=\"http:\/\/glintr.fr\/index.php\/contact\/\" style=\"border-style:none;border-width:0px;border-radius:0rem;color:#fffffd;background-color:#e27013;padding-top:0.71rem;padding-right:0.31rem;padding-bottom:0.71rem;padding-left:0.31rem;font-size:clamp(0.875rem, 0.875rem + ((1vw - 0.2rem) * 0.245), 1.01rem);font-style:normal;font-weight:600;line-height:1.5;text-transform:uppercase\">ContactEZ NOUS<\/a><\/div>\n<\/div>\n<\/div>\n<\/div>\n<\/div>\n<\/div><\/section>\n\n\n\n<p><\/p>\n","protected":false},"excerpt":{"rendered":"<p>conseil et accompagnement GlintR accompagne, les Retailers, les Banques, les Assureurs, les Courtiers, les Gestionnaires, les R\u00e9parateurs, les Fournisseurs de contenu, les Acteurs de la cyber s\u00e9curit\u00e9 pour les particuliers, les Professions Lib\u00e9rales, etc&#8230; GlintR vous accompagne dans la conception, et l&rsquo;innovation de vos offres de services. D\u00e9veloppez des revenus r\u00e9currents et la pr\u00e9f\u00e9rence de [&hellip;]<\/p>\n","protected":false},"author":1,"featured_media":0,"parent":0,"menu_order":0,"comment_status":"closed","ping_status":"closed","template":"","meta":{"_kadence_starter_templates_imported_post":false,"footnotes":""},"class_list":["post-44","page","type-page","status-publish","hentry"],"_links":{"self":[{"href":"https:\/\/glintr.fr\/index.php\/wp-json\/wp\/v2\/pages\/44","targetHints":{"allow":["GET"]}}],"collection":[{"href":"https:\/\/glintr.fr\/index.php\/wp-json\/wp\/v2\/pages"}],"about":[{"href":"https:\/\/glintr.fr\/index.php\/wp-json\/wp\/v2\/types\/page"}],"author":[{"embeddable":true,"href":"https:\/\/glintr.fr\/index.php\/wp-json\/wp\/v2\/users\/1"}],"replies":[{"embeddable":true,"href":"https:\/\/glintr.fr\/index.php\/wp-json\/wp\/v2\/comments?post=44"}],"version-history":[{"count":31,"href":"https:\/\/glintr.fr\/index.php\/wp-json\/wp\/v2\/pages\/44\/revisions"}],"predecessor-version":[{"id":355,"href":"https:\/\/glintr.fr\/index.php\/wp-json\/wp\/v2\/pages\/44\/revisions\/355"}],"wp:attachment":[{"href":"https:\/\/glintr.fr\/index.php\/wp-json\/wp\/v2\/media?parent=44"}],"curies":[{"name":"wp","href":"https:\/\/api.w.org\/{rel}","templated":true}]}}